{"id":897,"date":"2020-06-07T21:20:44","date_gmt":"2020-06-07T18:20:44","guid":{"rendered":"http:\/\/www.kaitlin.fi\/?page_id=897"},"modified":"2022-10-24T14:35:54","modified_gmt":"2022-10-24T11:35:54","slug":"tupperware","status":"publish","type":"page","link":"http:\/\/www.kaitlin.fi\/index.php\/tupperware\/","title":{"rendered":"*HOXHOX!* Katin Keitti\u00f6maailma VARASTONTYHJENNYS!!"},"content":{"rendered":"<p style=\"text-align: center;\">Hei tutustu Katin keitti\u00f6n salaisuuksiin liity mukaan ryhm\u00e4\u00e4ni facebookissa <a href=\"https:\/\/www.facebook.com\/groups\/2750052978558076\/\">PAINA T\u00c4ST\u00c4<\/a>\u00a0Varastoa tyhjennet\u00e4\u00e4n mik\u00e4li tarvitset jotakin niin nyt kannattaa laittaa viesti\u00e4 tai soittaa<\/p>\n<p style=\"text-align: center;\"><a href=\"http:\/\/www.kaitlin.fi\/wp-content\/uploads\/2020\/06\/93477567_539000553667179_7669151319508123648_n.jpg\"><img decoding=\"async\" loading=\"lazy\" class=\"alignnone size-medium wp-image-905\" src=\"http:\/\/www.kaitlin.fi\/wp-content\/uploads\/2020\/06\/93477567_539000553667179_7669151319508123648_n-225x300.jpg\" alt=\"\" width=\"225\" height=\"300\" srcset=\"http:\/\/www.kaitlin.fi\/wp-content\/uploads\/2020\/06\/93477567_539000553667179_7669151319508123648_n-225x300.jpg 225w, http:\/\/www.kaitlin.fi\/wp-content\/uploads\/2020\/06\/93477567_539000553667179_7669151319508123648_n.jpg 540w\" sizes=\"(max-width: 225px) 100vw, 225px\" \/><\/a><\/p>\n<p style=\"text-align: center;\">Tutustu tuotteisiin t\u00e4st\u00e4<\/p>\n<p style=\"text-align: center;\">Kati puh 044 3402882<\/p>\n<p><a href=\"http:\/\/www.kaitlin.fi\/wp-content\/uploads\/2020\/06\/93407196_1021353201593202_1372674403954851840_n.jpg\"><img decoding=\"async\" loading=\"lazy\" class=\"size-medium wp-image-904 aligncenter\" src=\"http:\/\/www.kaitlin.fi\/wp-content\/uploads\/2020\/06\/93407196_1021353201593202_1372674403954851840_n-220x300.jpg\" alt=\"\" width=\"220\" height=\"300\" srcset=\"http:\/\/www.kaitlin.fi\/wp-content\/uploads\/2020\/06\/93407196_1021353201593202_1372674403954851840_n-220x300.jpg 220w, http:\/\/www.kaitlin.fi\/wp-content\/uploads\/2020\/06\/93407196_1021353201593202_1372674403954851840_n.jpg 528w\" sizes=\"(max-width: 220px) 100vw, 220px\" \/><\/a><\/p>\n<p>&nbsp;<\/p>\n","protected":false},"excerpt":{"rendered":"<p>Hei tutustu Katin keitti\u00f6n salaisuuksiin liity mukaan ryhm\u00e4\u00e4ni facebookissa PAINA T\u00c4ST\u00c4\u00a0Varastoa tyhjennet\u00e4\u00e4n mik\u00e4li tarvitset jotakin niin nyt kannattaa laittaa viesti\u00e4 tai soittaa Tutustu tuotteisiin t\u00e4st\u00e4 Kati puh 044 3402882 &nbsp;<\/p>\n","protected":false},"author":1,"featured_media":0,"parent":0,"menu_order":0,"comment_status":"closed","ping_status":"closed","template":"","meta":[],"_links":{"self":[{"href":"http:\/\/www.kaitlin.fi\/index.php\/wp-json\/wp\/v2\/pages\/897"}],"collection":[{"href":"http:\/\/www.kaitlin.fi\/index.php\/wp-json\/wp\/v2\/pages"}],"about":[{"href":"http:\/\/www.kaitlin.fi\/index.php\/wp-json\/wp\/v2\/types\/page"}],"author":[{"embeddable":true,"href":"http:\/\/www.kaitlin.fi\/index.php\/wp-json\/wp\/v2\/users\/1"}],"replies":[{"embeddable":true,"href":"http:\/\/www.kaitlin.fi\/index.php\/wp-json\/wp\/v2\/comments?post=897"}],"version-history":[{"count":7,"href":"http:\/\/www.kaitlin.fi\/index.php\/wp-json\/wp\/v2\/pages\/897\/revisions"}],"predecessor-version":[{"id":1118,"href":"http:\/\/www.kaitlin.fi\/index.php\/wp-json\/wp\/v2\/pages\/897\/revisions\/1118"}],"wp:attachment":[{"href":"http:\/\/www.kaitlin.fi\/index.php\/wp-json\/wp\/v2\/media?parent=897"}],"curies":[{"name":"wp","href":"https:\/\/api.w.org\/{rel}","templated":true}]}}