{"id":84,"date":"2015-07-29T16:25:16","date_gmt":"2015-07-29T13:25:16","guid":{"rendered":"http:\/\/www.kaitlin.fi\/?page_id=84"},"modified":"2020-10-19T19:49:58","modified_gmt":"2020-10-19T16:49:58","slug":"myydaan","status":"publish","type":"page","link":"http:\/\/www.kaitlin.fi\/index.php\/news-uutiset\/myydaan\/","title":{"rendered":"Myyd\u00e4\u00e4n"},"content":{"rendered":"<p>Aikuisia ja pentuja mahdollista kysell\u00e4 kauttani<\/p>\n<p>&nbsp;<\/p>\n<p>T\u00e4ll\u00e4hetkell\u00e4 olisi koirakaverin tarve aikuiselle kasvatilleni kaveriksi.<\/p>\n<p>puh 0443402882 \/Kati<\/p>\n<p>&nbsp;<\/p>\n<p>&nbsp;<\/p>\n<p><span class=\"_5yl5\" data-reactid=\".mz.1:$mid=11438203555214=2f1f46e1c16e77db20.2:0.0.0.0.0\"><span data-reactid=\".mz.1:$mid=11438203555214=2f1f46e1c16e77db20.2:0.0.0.0.0.0\">Not allowed to use pics or text<\/span><\/span> without permission \u00a9Kaitlin<\/p>\n<p>Kuvien ja tekstin lainaaminen ilman lupaa on kielletty\u00e4 \u00a9Kaitlin<\/p>\n","protected":false},"excerpt":{"rendered":"<p>Aikuisia ja pentuja mahdollista kysell\u00e4 kauttani &nbsp; T\u00e4ll\u00e4hetkell\u00e4 olisi koirakaverin tarve aikuiselle kasvatilleni kaveriksi. puh 0443402882 \/Kati &nbsp; &nbsp; Not allowed to use pics or text without permission \u00a9Kaitlin Kuvien ja tekstin lainaaminen ilman lupaa on kielletty\u00e4 \u00a9Kaitlin<\/p>\n","protected":false},"author":1,"featured_media":0,"parent":120,"menu_order":0,"comment_status":"closed","ping_status":"open","template":"","meta":[],"_links":{"self":[{"href":"http:\/\/www.kaitlin.fi\/index.php\/wp-json\/wp\/v2\/pages\/84"}],"collection":[{"href":"http:\/\/www.kaitlin.fi\/index.php\/wp-json\/wp\/v2\/pages"}],"about":[{"href":"http:\/\/www.kaitlin.fi\/index.php\/wp-json\/wp\/v2\/types\/page"}],"author":[{"embeddable":true,"href":"http:\/\/www.kaitlin.fi\/index.php\/wp-json\/wp\/v2\/users\/1"}],"replies":[{"embeddable":true,"href":"http:\/\/www.kaitlin.fi\/index.php\/wp-json\/wp\/v2\/comments?post=84"}],"version-history":[{"count":8,"href":"http:\/\/www.kaitlin.fi\/index.php\/wp-json\/wp\/v2\/pages\/84\/revisions"}],"predecessor-version":[{"id":914,"href":"http:\/\/www.kaitlin.fi\/index.php\/wp-json\/wp\/v2\/pages\/84\/revisions\/914"}],"up":[{"embeddable":true,"href":"http:\/\/www.kaitlin.fi\/index.php\/wp-json\/wp\/v2\/pages\/120"}],"wp:attachment":[{"href":"http:\/\/www.kaitlin.fi\/index.php\/wp-json\/wp\/v2\/media?parent=84"}],"curies":[{"name":"wp","href":"https:\/\/api.w.org\/{rel}","templated":true}]}}