{"id":77,"date":"2015-07-29T16:15:45","date_gmt":"2015-07-29T13:15:45","guid":{"rendered":"http:\/\/www.kaitlin.fi\/?page_id=77"},"modified":"2015-12-09T12:56:05","modified_gmt":"2015-12-09T10:56:05","slug":"nayttelyt-dogshows","status":"publish","type":"page","link":"http:\/\/www.kaitlin.fi\/index.php\/news-uutiset\/nayttelyt-dogshows\/","title":{"rendered":"N\u00e4yttelyt Dogshows 2015 Uutiset News"},"content":{"rendered":"<p><strong>N\u00e4yttelytuloksia Show news 2015 !!<br \/>\n<\/strong><\/p>\n<p>It is good to end the year with these results<\/p>\n<p style=\"text-align: center;\"><em><strong>&#8221;Divine Favor Heybett <\/strong><\/em><\/p>\n<p style=\"text-align: center;\"><em><strong>the most winning chinese crested puppy \/female puppy in Finland 2015&#8243; (not confirmed yet)<br \/>\n<\/strong><\/em><\/p>\n<p style=\"text-align: center;\"><a href=\"http:\/\/shodan.theblah.org\/~kati\/wordpress\/wp-content\/uploads\/2015\/07\/trinykusviis-\u2013-kopio.jpg\"><img decoding=\"async\" loading=\"lazy\" class=\"alignnone size-medium wp-image-283\" src=\"http:\/\/shodan.theblah.org\/~kati\/wordpress\/wp-content\/uploads\/2015\/07\/trinykusviis-\u2013-kopio-300x252.jpg\" alt=\"trinykusviis \u2013 kopio\" width=\"300\" height=\"252\" srcset=\"http:\/\/www.kaitlin.fi\/wp-content\/uploads\/2015\/07\/trinykusviis-\u2013-kopio-300x252.jpg 300w, http:\/\/www.kaitlin.fi\/wp-content\/uploads\/2015\/07\/trinykusviis-\u2013-kopio.jpg 805w\" sizes=\"(max-width: 300px) 100vw, 300px\" \/><\/a><\/p>\n<p>6.12.2015 Finnish Winner Show Kaitlin Hei Se Hui Mei Mei Exc 1CQ&#8211;&gt; FI JW-15!!\u00a0 under judge Mr. Markku Kipin\u00e4<\/p>\n<p>6.12.2015 Finnish Winner Show Kaitlin Hayabusa good Under judge Tuula Plathan<\/p>\n<p>6.12.2015 Finnish Winner Show Divine Favor Heybett very good under judge Mr. Markku Kipin\u00e4<\/p>\n<p><a href=\"http:\/\/shodan.theblah.org\/~kati\/wordpress\/wp-content\/uploads\/2015\/07\/pusumeimieikd.jpg\"><img decoding=\"async\" loading=\"lazy\" class=\" size-medium wp-image-340 aligncenter\" src=\"http:\/\/shodan.theblah.org\/~kati\/wordpress\/wp-content\/uploads\/2015\/07\/pusumeimieikd-300x253.jpg\" alt=\"pusumeimieikd\" width=\"300\" height=\"253\" srcset=\"http:\/\/www.kaitlin.fi\/wp-content\/uploads\/2015\/07\/pusumeimieikd-300x253.jpg 300w, http:\/\/www.kaitlin.fi\/wp-content\/uploads\/2015\/07\/pusumeimieikd.jpg 480w\" sizes=\"(max-width: 300px) 100vw, 300px\" \/><\/a><\/p>\n<p>5.12.2015 Helsinki Winner show 2015 Kaitlin Hei Se Hui Mei Mei exc 2CQ BF4\u00a0 re.CAC!!!! under judge Johan Juslin<\/p>\n<p>5.12.2015 Helsinki Winner show 2015 Kaitlin Hayabusa very good under judge Johan Juslin<\/p>\n<p>5.12.2015 Helsinki Winner show 2015 Divine Favor Heybett very good under judge Johan Juslin<\/p>\n<p><a href=\"http:\/\/shodan.theblah.org\/~kati\/wordpress\/wp-content\/uploads\/2015\/07\/trinyyyyg.jpg\"><img decoding=\"async\" loading=\"lazy\" class=\" size-medium wp-image-342 aligncenter\" src=\"http:\/\/shodan.theblah.org\/~kati\/wordpress\/wp-content\/uploads\/2015\/07\/trinyyyyg-300x156.jpg\" alt=\"trinyyyyg\" width=\"300\" height=\"156\" srcset=\"http:\/\/www.kaitlin.fi\/wp-content\/uploads\/2015\/07\/trinyyyyg-300x156.jpg 300w, http:\/\/www.kaitlin.fi\/wp-content\/uploads\/2015\/07\/trinyyyyg.jpg 989w\" sizes=\"(max-width: 300px) 100vw, 300px\" \/><\/a><\/p>\n<p>29.11.2015<\/p>\n<p>Dog show at Narva Estonia under judge\u00a0Maria Viarbitskaya &#8221;MeiMei&#8221; <span id=\"fbPhotoSnowliftCaption\" class=\"fbPhotosPhotoCaption\" tabindex=\"0\" data-ft=\"{&quot;tn&quot;:&quot;K&quot;}\"><span class=\"hasCaption\">Kaitlin Hei Se Hui Mei Mei was exc1, JN, BOS-jun.<br \/>\n<\/span><\/span><\/p>\n<p>Kaitlin Hayabusa exc.<\/p>\n<p>While in Finland Divine Favor Heybett unofficial Mach show Best Puppy!<\/p>\n<p><a href=\"http:\/\/shodan.theblah.org\/~kati\/wordpress\/wp-content\/uploads\/2015\/07\/12313808_10208170940254797_4911069438002586615_n.jpg\"><img decoding=\"async\" loading=\"lazy\" class=\"alignnone size-medium wp-image-331\" src=\"http:\/\/shodan.theblah.org\/~kati\/wordpress\/wp-content\/uploads\/2015\/07\/12313808_10208170940254797_4911069438002586615_n-165x300.jpg\" alt=\"12313808_10208170940254797_4911069438002586615_n\" width=\"165\" height=\"300\" srcset=\"http:\/\/www.kaitlin.fi\/wp-content\/uploads\/2015\/07\/12313808_10208170940254797_4911069438002586615_n-165x300.jpg 165w, http:\/\/www.kaitlin.fi\/wp-content\/uploads\/2015\/07\/12313808_10208170940254797_4911069438002586615_n.jpg 528w\" sizes=\"(max-width: 165px) 100vw, 165px\" \/><\/a><\/p>\n<p>28.11.2015 Dog show at Narva Estonia under judge Kornelija Butrimova, Lithuania&#8221;MeiMei&#8221; <span id=\"fbPhotoSnowliftCaption\" class=\"fbPhotosPhotoCaption\" tabindex=\"0\" data-ft=\"{&quot;tn&quot;:&quot;K&quot;}\"><span class=\"hasCaption\">Kaitlin Hei Se Hui Mei Mei was exc1, JN, BOB-jun and BF -2.<br \/>\n<\/span><\/span><\/p>\n<p>Kaitlin Hayabusa exc.<\/p>\n<p><a href=\"http:\/\/shodan.theblah.org\/~kati\/wordpress\/wp-content\/uploads\/2015\/07\/meiskud.png\"><img decoding=\"async\" loading=\"lazy\" class=\"alignnone size-medium wp-image-329\" src=\"http:\/\/shodan.theblah.org\/~kati\/wordpress\/wp-content\/uploads\/2015\/07\/meiskud-300x233.png\" alt=\"meiskud\" width=\"300\" height=\"233\" srcset=\"http:\/\/www.kaitlin.fi\/wp-content\/uploads\/2015\/07\/meiskud-300x233.png 300w, http:\/\/www.kaitlin.fi\/wp-content\/uploads\/2015\/07\/meiskud.png 992w\" sizes=\"(max-width: 300px) 100vw, 300px\" \/><\/a><\/p>\n<p>24.10.2015 Lithuania Panev\u0117\u017eys Judge <span id=\"fbPhotoSnowliftCaption\" class=\"fbPhotosPhotoCaption\" tabindex=\"0\" data-ft=\"{&quot;tn&quot;:&quot;K&quot;}\"><span class=\"hasCaption\"> Jurate Butkiene <\/span><\/span>&#8221;MeiMei&#8221; <span id=\"fbPhotoSnowliftCaption\" class=\"fbPhotosPhotoCaption\" tabindex=\"0\" data-ft=\"{&quot;tn&quot;:&quot;K&quot;}\"><span class=\"hasCaption\">Kaitlin Hei Se Hui Mei Mei was exc1, JN, BOB-jun. Super thanks and congrats to Anni grooming , handling and taking care of her so great! Im so happy! <\/span><\/span><\/p>\n<p><a href=\"http:\/\/shodan.theblah.org\/~kati\/wordpress\/wp-content\/uploads\/2015\/07\/meimeijj.png\"><img decoding=\"async\" loading=\"lazy\" class=\"alignnone size-medium wp-image-310\" src=\"http:\/\/shodan.theblah.org\/~kati\/wordpress\/wp-content\/uploads\/2015\/07\/meimeijj-300x188.png\" alt=\"meimeijj\" width=\"300\" height=\"188\" srcset=\"http:\/\/www.kaitlin.fi\/wp-content\/uploads\/2015\/07\/meimeijj-300x188.png 300w, http:\/\/www.kaitlin.fi\/wp-content\/uploads\/2015\/07\/meimeijj.png 567w\" sizes=\"(max-width: 300px) 100vw, 300px\" \/><\/a><\/p>\n<p>17.10.2015<span data-offset-key=\"1oktl-0-0\" data-reactid=\".p4.1.0.1.0.0.$editor0.0.0.$1oktl.0:$1oktl-0-0\"><span data-reactid=\".p4.1.0.1.0.0.$editor0.0.0.$1oktl.0:$1oktl-0-0.0\">Super thanks to <\/span><\/span><span class=\"_5u8u\" spellcheck=\"false\" data-offset-key=\"1oktl-1-0\" data-reactid=\".p4.1.0.1.0.0.$editor0.0.0.$1oktl.$1oktl-1-0\"><span data-offset-key=\"1oktl-1-0\" data-reactid=\".p4.1.0.1.0.0.$editor0.0.0.$1oktl.$1oktl-1-0.$1oktl-1-0\"><span data-reactid=\".p4.1.0.1.0.0.$editor0.0.0.$1oktl.$1oktl-1-0.$1oktl-1-0.0\">Ronja<\/span><\/span><\/span><span data-offset-key=\"1oktl-2-0\" data-reactid=\".p4.1.0.1.0.0.$editor0.0.0.$1oktl.2:$1oktl-2-0\"><span data-reactid=\".p4.1.0.1.0.0.$editor0.0.0.$1oktl.2:$1oktl-2-0.0\"> handling our &#8221;little&#8221; star Max (Kaitlin Hayabusa). Max got VG under judge Jan T\u00f6rnblom!! <\/span><\/span><\/p>\n<p><a href=\"http:\/\/shodan.theblah.org\/~kati\/wordpress\/wp-content\/uploads\/2015\/07\/11986062_10153641233164489_1764467591_o.jpg\"><img decoding=\"async\" loading=\"lazy\" class=\"alignnone size-medium wp-image-247\" src=\"http:\/\/shodan.theblah.org\/~kati\/wordpress\/wp-content\/uploads\/2015\/07\/11986062_10153641233164489_1764467591_o-300x209.jpg\" alt=\"11986062_10153641233164489_1764467591_o\" width=\"300\" height=\"209\" srcset=\"http:\/\/www.kaitlin.fi\/wp-content\/uploads\/2015\/07\/11986062_10153641233164489_1764467591_o-300x209.jpg 300w, http:\/\/www.kaitlin.fi\/wp-content\/uploads\/2015\/07\/11986062_10153641233164489_1764467591_o-1024x713.jpg 1024w, http:\/\/www.kaitlin.fi\/wp-content\/uploads\/2015\/07\/11986062_10153641233164489_1764467591_o.jpg 2048w\" sizes=\"(max-width: 300px) 100vw, 300px\" \/><\/a><\/p>\n<p>4.10.2015 Tuulos Group show under Judge Inese Pablaka<\/p>\n<p>&nbsp;<\/p>\n<figure id=\"attachment_277\" aria-describedby=\"caption-attachment-277\" style=\"width: 300px\" class=\"wp-caption alignnone\"><a href=\"http:\/\/shodan.theblah.org\/~kati\/wordpress\/wp-content\/uploads\/2015\/07\/ddkddd-\u2013-kopio.jpg\"><img decoding=\"async\" loading=\"lazy\" class=\"wp-image-277 size-medium\" src=\"http:\/\/shodan.theblah.org\/~kati\/wordpress\/wp-content\/uploads\/2015\/07\/ddkddd-\u2013-kopio-300x231.jpg\" alt=\"ddkddd \u2013 kopio\" width=\"300\" height=\"231\" srcset=\"http:\/\/www.kaitlin.fi\/wp-content\/uploads\/2015\/07\/ddkddd-\u2013-kopio-300x231.jpg 300w, http:\/\/www.kaitlin.fi\/wp-content\/uploads\/2015\/07\/ddkddd-\u2013-kopio.jpg 954w\" sizes=\"(max-width: 300px) 100vw, 300px\" \/><\/a><figcaption id=\"caption-attachment-277\" class=\"wp-caption-text\">&#8221;Triny&#8221; Divine Favor Heybett<\/figcaption><\/figure>\n<p>&#8221;Triny&#8221; Divine Favor Heybett 2. puppy with honor price<br \/>\n&#8221;Max&#8221; Kaitlin Hayabusa Exc 2<br \/>\nOur quest star &#8221;Onni&#8221; Viuvaun Tuulen Tuoma very good<br \/>\n&#8221;Kira&#8221; Kaitlin Chisu very good<br \/>\n&#8221;Bella&#8221; May\u00b4s Mile Falabella exc2<\/p>\n<p>26.9.2015 Salo Tibetan terrier group show under judge Zidy Munsterhielm-Ehnberg<\/p>\n<p>&#8221;Meimei&#8221; Kaitlin Hei Se Hui Mei Mei Exc 1 CQ with Birita Pohjonen<\/p>\n<p>&#8221;PiuPiu&#8221; Kaitlin Boyakasha good<\/p>\n<p><a href=\"http:\/\/shodan.theblah.org\/~kati\/wordpress\/wp-content\/uploads\/2015\/07\/12032125_673611276107388_4477526469206337114_n.jpg\"><img decoding=\"async\" loading=\"lazy\" class=\"alignnone size-medium wp-image-298\" src=\"http:\/\/shodan.theblah.org\/~kati\/wordpress\/wp-content\/uploads\/2015\/07\/12032125_673611276107388_4477526469206337114_n-267x300.jpg\" alt=\"12032125_673611276107388_4477526469206337114_n\" width=\"267\" height=\"300\" srcset=\"http:\/\/www.kaitlin.fi\/wp-content\/uploads\/2015\/07\/12032125_673611276107388_4477526469206337114_n-267x300.jpg 267w, http:\/\/www.kaitlin.fi\/wp-content\/uploads\/2015\/07\/12032125_673611276107388_4477526469206337114_n.jpg 280w\" sizes=\"(max-width: 267px) 100vw, 267px\" \/><\/a><\/p>\n<p>6.9.2015<\/p>\n<p>Tampere Kaupin Kekrit group show under judge Sonia Kelveri Philippou<\/p>\n<p>Junior males<\/p>\n<p>&#8221;Jake&#8221; Kaitlin Hard Hailey VG 4 handler owner Emma H\u00e4m\u00e4l\u00e4inen<\/p>\n<p>&#8221;Max&#8221; Kaitlin Hayabusa VG2 handler Kati H\u00e4m\u00e4l\u00e4inen<\/p>\n<p>&#8221;V\u00e4p\u00e4&#8221; Kailin Chopper good handler Kati H\u00e4m\u00e4l\u00e4inen<\/p>\n<p>&#8221;MeiMei&#8221; Kaitlin Hei Se Hui Mei Mei exc 1 handler\/co owner Birita Pohjonen<\/p>\n<p>&#8221;Fanni&#8221; Kaitlin Freezing Vanilla VG handler Rosa Lindroos<\/p>\n<p>&#8221;Keiju&#8221; Kaitlin Frozen Bumblebee Vg handler Kati H\u00e4m\u00e4l\u00e4inen<\/p>\n<p>Kaitlin BOB Breeder!!! with honor prize!! Super thanks to all !!<\/p>\n<p><a href=\"http:\/\/shodan.theblah.org\/~kati\/wordpress\/wp-content\/uploads\/2015\/07\/11997010_10153598154643114_1596178669_n.jpg\"><img decoding=\"async\" loading=\"lazy\" class=\"alignnone size-medium wp-image-286\" src=\"http:\/\/shodan.theblah.org\/~kati\/wordpress\/wp-content\/uploads\/2015\/07\/11997010_10153598154643114_1596178669_n-166x300.jpg\" alt=\"11997010_10153598154643114_1596178669_n\" width=\"166\" height=\"300\" srcset=\"http:\/\/www.kaitlin.fi\/wp-content\/uploads\/2015\/07\/11997010_10153598154643114_1596178669_n-166x300.jpg 166w, http:\/\/www.kaitlin.fi\/wp-content\/uploads\/2015\/07\/11997010_10153598154643114_1596178669_n.jpg 526w\" sizes=\"(max-width: 166px) 100vw, 166px\" \/><\/a>\u00a0\u00a0\u00a0\u00a0\u00a0 <a href=\"http:\/\/shodan.theblah.org\/~kati\/wordpress\/wp-content\/uploads\/2015\/07\/11951003_10153598317373114_1532661419_n.jpg\"><img decoding=\"async\" loading=\"lazy\" class=\"alignnone size-medium wp-image-287\" src=\"http:\/\/shodan.theblah.org\/~kati\/wordpress\/wp-content\/uploads\/2015\/07\/11951003_10153598317373114_1532661419_n-167x300.jpg\" alt=\"11951003_10153598317373114_1532661419_n\" width=\"167\" height=\"300\" srcset=\"http:\/\/www.kaitlin.fi\/wp-content\/uploads\/2015\/07\/11951003_10153598317373114_1532661419_n-167x300.jpg 167w, http:\/\/www.kaitlin.fi\/wp-content\/uploads\/2015\/07\/11951003_10153598317373114_1532661419_n.jpg 534w\" sizes=\"(max-width: 167px) 100vw, 167px\" \/><\/a><\/p>\n<p>5.9.2015<\/p>\n<p>Vantaa Let\u00b4s go Show under judge Rob Douma<\/p>\n<p>&#8221;Diiva&#8221;Kaitlin Geishas Dream Exc 1 CQ BestFemale 3 with ReCAC<\/p>\n<p>Super congrats and thanks Angela!!<\/p>\n<p><a href=\"http:\/\/shodan.theblah.org\/~kati\/wordpress\/wp-content\/uploads\/2015\/07\/11992665_10206633918061853_213770615_n.jpg\"><img decoding=\"async\" loading=\"lazy\" class=\"alignnone size-medium wp-image-256\" src=\"http:\/\/shodan.theblah.org\/~kati\/wordpress\/wp-content\/uploads\/2015\/07\/11992665_10206633918061853_213770615_n-169x300.jpg\" alt=\"11992665_10206633918061853_213770615_n\" width=\"169\" height=\"300\" srcset=\"http:\/\/www.kaitlin.fi\/wp-content\/uploads\/2015\/07\/11992665_10206633918061853_213770615_n-169x300.jpg 169w, http:\/\/www.kaitlin.fi\/wp-content\/uploads\/2015\/07\/11992665_10206633918061853_213770615_n.jpg 540w\" sizes=\"(max-width: 169px) 100vw, 169px\" \/><\/a><\/p>\n<p>&#8221;Rasmus&#8221; Speechless Eight Ball exc Thanks to Hannele handling<\/p>\n<p>30.8.2015<\/p>\n<p>Chinese Crested speciality (Skky speciality show) under Judlge Mr. Juha Kares<\/p>\n<p>&#8221;Keiju&#8221; Kaitlin Frozen Bumblebee VG<\/p>\n<p>&#8221;Fanni&#8221; Kaitlin Freezing Vanilla VG<\/p>\n<p>&#8221;MeiMei&#8221; Kaitlin Hei Se Hui Mei Mei Exc.<\/p>\n<p>&#8221;Max&#8221; Kaitlin Hayabusa Exc.<\/p>\n<p>Super thanks to Birita Rosa and Sanna handling!<\/p>\n<p><a href=\"http:\/\/shodan.theblah.org\/~kati\/wordpress\/wp-content\/uploads\/2015\/07\/kaskv.jpg\"><img decoding=\"async\" loading=\"lazy\" class=\"  wp-image-252 alignleft\" src=\"http:\/\/shodan.theblah.org\/~kati\/wordpress\/wp-content\/uploads\/2015\/07\/kaskv-300x203.jpg\" alt=\"kaskv\" width=\"266\" height=\"180\" srcset=\"http:\/\/www.kaitlin.fi\/wp-content\/uploads\/2015\/07\/kaskv-300x203.jpg 300w, http:\/\/www.kaitlin.fi\/wp-content\/uploads\/2015\/07\/kaskv.jpg 758w\" sizes=\"(max-width: 266px) 100vw, 266px\" \/><\/a><\/p>\n<p>&nbsp;<\/p>\n<p><a href=\"http:\/\/shodan.theblah.org\/~kati\/wordpress\/wp-content\/uploads\/2015\/07\/11995251_10153641232689489_485554083_o.jpg\"><img decoding=\"async\" loading=\"lazy\" class=\"alignnone  wp-image-248\" src=\"http:\/\/shodan.theblah.org\/~kati\/wordpress\/wp-content\/uploads\/2015\/07\/11995251_10153641232689489_485554083_o-300x222.jpg\" alt=\"11995251_10153641232689489_485554083_o\" width=\"250\" height=\"185\" srcset=\"http:\/\/www.kaitlin.fi\/wp-content\/uploads\/2015\/07\/11995251_10153641232689489_485554083_o-300x222.jpg 300w, http:\/\/www.kaitlin.fi\/wp-content\/uploads\/2015\/07\/11995251_10153641232689489_485554083_o-1024x757.jpg 1024w, http:\/\/www.kaitlin.fi\/wp-content\/uploads\/2015\/07\/11995251_10153641232689489_485554083_o.jpg 2048w\" sizes=\"(max-width: 250px) 100vw, 250px\" \/><\/a><\/p>\n<p>23.8.2015<\/p>\n<p>&#8221;Rasmus&#8221; Speechless Eight Ball Exc 1 at Heinola group show under Judge Martin Baskaran Thanks to <a href=\"https:\/\/www.facebook.com\/hannele.stahl?fref=ts\">Hannele<\/a> handling and taking care of him<\/p>\n<p><strong>16.8.2015 Super news from \u0160akiai, Lithuania under judge Jelena Borisova:<\/strong><\/p>\n<p>Our &#8221;Max&#8221; Kaitlin Hayabusa BOB Junior with junior CAC ended his Lithuanian juniorchampion title!! Thanks Katja and Emmi taking care of him there!\u00a0 <a href=\"http:\/\/shodan.theblah.org\/~kati\/wordpress\/wp-content\/uploads\/2015\/07\/11895959_928862960508237_2260598884139451102_n.jpg\"><img decoding=\"async\" loading=\"lazy\" class=\" size-medium wp-image-233 aligncenter\" src=\"http:\/\/shodan.theblah.org\/~kati\/wordpress\/wp-content\/uploads\/2015\/07\/11895959_928862960508237_2260598884139451102_n-200x300.jpg\" alt=\"11895959_928862960508237_2260598884139451102_n\" width=\"200\" height=\"300\" srcset=\"http:\/\/www.kaitlin.fi\/wp-content\/uploads\/2015\/07\/11895959_928862960508237_2260598884139451102_n-200x300.jpg 200w, http:\/\/www.kaitlin.fi\/wp-content\/uploads\/2015\/07\/11895959_928862960508237_2260598884139451102_n.jpg 640w\" sizes=\"(max-width: 200px) 100vw, 200px\" \/><\/a><\/p>\n<p><strong>15.8.2015 Super news from \u0160akiai, Lithuania under judge Lessi Chistyakova:<\/strong><\/p>\n<p>Our &#8221;Max&#8221; Kaitlin Hayabusa Bos junior with jun cac!! Super thanks to <a class=\"profileLink\" href=\"https:\/\/www.facebook.com\/katja.laurila.1\" data-hovercard=\"\/ajax\/hovercard\/user.php?id=543719488\">Katja<\/a> grooming handling with good care!!<\/p>\n<p><a href=\"http:\/\/shodan.theblah.org\/~kati\/wordpress\/wp-content\/uploads\/2015\/07\/11885309_928863190508214_3121629600592319389_n.jpg\"><img decoding=\"async\" loading=\"lazy\" class=\" size-medium wp-image-232 aligncenter\" src=\"http:\/\/shodan.theblah.org\/~kati\/wordpress\/wp-content\/uploads\/2015\/07\/11885309_928863190508214_3121629600592319389_n-300x200.jpg\" alt=\"11885309_928863190508214_3121629600592319389_n\" width=\"300\" height=\"200\" srcset=\"http:\/\/www.kaitlin.fi\/wp-content\/uploads\/2015\/07\/11885309_928863190508214_3121629600592319389_n-300x200.jpg 300w, http:\/\/www.kaitlin.fi\/wp-content\/uploads\/2015\/07\/11885309_928863190508214_3121629600592319389_n.jpg 960w\" sizes=\"(max-width: 300px) 100vw, 300px\" \/><\/a><\/p>\n<p>15.8.2015 Kotka Int show under Judge Pedro Sanches Delerue:<\/p>\n<p>&#8221;Rasmus&#8221; Speechless Eight Ball VG Thanks to <a href=\"https:\/\/www.facebook.com\/hannele.stahl?fref=ts\">Hannele<\/a> handling and taking care of him<\/p>\n<p style=\"text-align: left;\"><strong><em>26.7.2015 Eukanuba summer show under William Browne-Cole, UK:<\/em><\/strong><\/p>\n<p style=\"text-align: left;\">Puppy 3. Gerry Novozamocka Hviezda &#8221;Jerry&#8221;<\/p>\n<p style=\"text-align: left;\">BM-3 &amp; CAC Kaitlin Hayabusa &#8221;Max&#8221;<\/p>\n<p style=\"text-align: left;\">exc 1 CQ\u00a0 BOB-Junior Kaitlin Hei Se Hui Mei Mei &#8221;Mei Mei&#8221;<\/p>\n<p><a href=\"http:\/\/shodan.theblah.org\/~kati\/wordpress\/wp-content\/uploads\/2015\/07\/sertii.jpg\"><img decoding=\"async\" loading=\"lazy\" class=\" size-medium wp-image-78 alignleft\" src=\"http:\/\/shodan.theblah.org\/~kati\/wordpress\/wp-content\/uploads\/2015\/07\/sertii-162x300.jpg\" alt=\"sertii\" width=\"162\" height=\"300\" srcset=\"http:\/\/www.kaitlin.fi\/wp-content\/uploads\/2015\/07\/sertii-162x300.jpg 162w, http:\/\/www.kaitlin.fi\/wp-content\/uploads\/2015\/07\/sertii.jpg 284w\" sizes=\"(max-width: 162px) 100vw, 162px\" \/><\/a><a href=\"http:\/\/shodan.theblah.org\/~kati\/wordpress\/wp-content\/uploads\/2015\/07\/mummijhddjdcd.jpg\"><img decoding=\"async\" loading=\"lazy\" class=\"alignnone size-medium wp-image-82\" src=\"http:\/\/shodan.theblah.org\/~kati\/wordpress\/wp-content\/uploads\/2015\/07\/mummijhddjdcd-300x210.jpg\" alt=\"\" width=\"300\" height=\"210\" srcset=\"http:\/\/www.kaitlin.fi\/wp-content\/uploads\/2015\/07\/mummijhddjdcd-300x210.jpg 300w, http:\/\/www.kaitlin.fi\/wp-content\/uploads\/2015\/07\/mummijhddjdcd-1024x716.jpg 1024w, http:\/\/www.kaitlin.fi\/wp-content\/uploads\/2015\/07\/mummijhddjdcd.jpg 1114w\" sizes=\"(max-width: 300px) 100vw, 300px\" \/><\/a><\/p>\n<p>&nbsp;<\/p>\n<p>&nbsp;<\/p>\n<p><strong><em>11.7.2015 Nastola under Judge Tenson Helin<\/em><\/strong><\/p>\n<p>exc 1 Speechless Eight Ball &#8221;Rasmus&#8221;<\/p>\n<p><strong><em>11.7.2015 <\/em><span id=\"fbPhotoSnowliftCaption\" class=\"fbPhotosPhotoCaption\" tabindex=\"0\" data-ft=\"{&quot;tn&quot;:&quot;K&quot;}\"><span class=\"hasCaption\"><em>Laukaa kr under Francesco Cochetti<\/em> <\/span><\/span><\/strong><\/p>\n<p><span id=\"fbPhotoSnowliftCaption\" class=\"fbPhotosPhotoCaption\" tabindex=\"0\" data-ft=\"{&quot;tn&quot;:&quot;K&quot;}\"><span class=\"hasCaption\">Puppy 1. Kaitlin Hayabusa &#8221; Max&#8221;(handled groomed by Katja Laurila)<\/span><\/span><\/p>\n<p><a href=\"http:\/\/shodan.theblah.org\/~kati\/wordpress\/wp-content\/uploads\/2015\/07\/11695993_10153467306618114_3917949005411418717_n.jpg\"><img decoding=\"async\" loading=\"lazy\" class=\"alignnone size-medium wp-image-91\" src=\"http:\/\/shodan.theblah.org\/~kati\/wordpress\/wp-content\/uploads\/2015\/07\/11695993_10153467306618114_3917949005411418717_n-300x230.jpg\" alt=\"\" width=\"300\" height=\"230\" srcset=\"http:\/\/www.kaitlin.fi\/wp-content\/uploads\/2015\/07\/11695993_10153467306618114_3917949005411418717_n-300x230.jpg 300w, http:\/\/www.kaitlin.fi\/wp-content\/uploads\/2015\/07\/11695993_10153467306618114_3917949005411418717_n.jpg 600w\" sizes=\"(max-width: 300px) 100vw, 300px\" \/><\/a><\/p>\n<p><em><strong>13.6.2015 Salo under judge Philomena Leonard<\/strong><\/em><\/p>\n<p>exc 3 Kaitlin Geishas Dream co owned handler Angela Ekman<\/p>\n<p><strong><em>7.6.2015 Myn\u00e4m\u00e4ki under judge Andersson \u00c5sa<\/em><\/strong><\/p>\n<p>exc 2 Kaitlin Geishas Dream co owned handler Angela Ekman<\/p>\n<p><em><strong>6.6.2015 Riihim\u00e4ki under judge Davidovic Nenad<\/strong><\/em><\/p>\n<p>BM-2 &amp; CAC Speechless Eight Ball &#8221;Rasmus&#8221; (co owned \/handled Zhannel\u00b4s Hannele St\u00e5hl )<\/p>\n<p>17.5.2015 Helsinki puppyshow under judge hannele Jokisilta<\/p>\n<p>BOS puppy HP Kaitlin Hei Se Hui Mei Mei &#8221;Mei Mei&#8221; groomed and handled Birita Pohjonen<\/p>\n<p><strong><em>10.4.2015 Vaasa Int under judge Lena Danker<\/em><\/strong><\/p>\n<p>BOB puppy with honor price Kaitlin Gaya Kya Mil Gaya &#8221;Siru&#8221;<\/p>\n<p><strong><em>11.4.2015 Kankaanp\u00e4\u00e4 group show under Judge Mona Selbach<\/em> <\/strong><\/p>\n<p>BOB Puppy with honor price Kaitlin Gaya Kya Mil Gaya &#8221;Siru&#8221;<\/p>\n<p>BM-4 &amp;reCACLorita Star Vne Konkurentsii &#8221; Vladimir&#8221;<\/p>\n<p>&nbsp;<\/p>\n","protected":false},"excerpt":{"rendered":"<p>N\u00e4yttelytuloksia Show news 2015 !! It is good to end the year with these results &#8221;Divine Favor Heybett the most winning chinese crested puppy \/female puppy in Finland 2015&#8243; (not confirmed yet) 6.12.2015 Finnish Winner Show Kaitlin Hei Se Hui Mei Mei Exc 1CQ&#8211;&gt; FI JW-15!!\u00a0 under judge Mr. Markku Kipin\u00e4 6.12.2015 Finnish Winner Show &hellip; <a href=\"http:\/\/www.kaitlin.fi\/index.php\/news-uutiset\/nayttelyt-dogshows\/\" class=\"more-link\">Jatka lukemista <span class=\"screen-reader-text\">N\u00e4yttelyt Dogshows 2015 Uutiset News<\/span> <span class=\"meta-nav\">&rarr;<\/span><\/a><\/p>\n","protected":false},"author":1,"featured_media":0,"parent":120,"menu_order":0,"comment_status":"closed","ping_status":"open","template":"","meta":[],"_links":{"self":[{"href":"http:\/\/www.kaitlin.fi\/index.php\/wp-json\/wp\/v2\/pages\/77"}],"collection":[{"href":"http:\/\/www.kaitlin.fi\/index.php\/wp-json\/wp\/v2\/pages"}],"about":[{"href":"http:\/\/www.kaitlin.fi\/index.php\/wp-json\/wp\/v2\/types\/page"}],"author":[{"embeddable":true,"href":"http:\/\/www.kaitlin.fi\/index.php\/wp-json\/wp\/v2\/users\/1"}],"replies":[{"embeddable":true,"href":"http:\/\/www.kaitlin.fi\/index.php\/wp-json\/wp\/v2\/comments?post=77"}],"version-history":[{"count":42,"href":"http:\/\/www.kaitlin.fi\/index.php\/wp-json\/wp\/v2\/pages\/77\/revisions"}],"predecessor-version":[{"id":355,"href":"http:\/\/www.kaitlin.fi\/index.php\/wp-json\/wp\/v2\/pages\/77\/revisions\/355"}],"up":[{"embeddable":true,"href":"http:\/\/www.kaitlin.fi\/index.php\/wp-json\/wp\/v2\/pages\/120"}],"wp:attachment":[{"href":"http:\/\/www.kaitlin.fi\/index.php\/wp-json\/wp\/v2\/media?parent=77"}],"curies":[{"name":"wp","href":"https:\/\/api.w.org\/{rel}","templated":true}]}}