{"id":397,"date":"2016-03-07T19:41:22","date_gmt":"2016-03-07T17:41:22","guid":{"rendered":"http:\/\/www.kaitlin.fi\/?page_id=397"},"modified":"2016-03-08T16:50:35","modified_gmt":"2016-03-08T14:50:35","slug":"testissa-energia-ja-palautusjuomat-pennuille-ja-kantaville-koirille-fitdog","status":"publish","type":"page","link":"http:\/\/www.kaitlin.fi\/index.php\/koiramaisia-artikkeleita\/testissa-energia-ja-palautusjuomat-pennuille-ja-kantaville-koirille-fitdog\/","title":{"rendered":"Testiss\u00e4 energia- ja palautusjuomat pennuille ja kantaville koirille Fitdog"},"content":{"rendered":"<p>Testiss\u00e4 energia- ja palautusjuomat pennuille ja kantaville koirille Fitdogilta<\/p>\n<p>tuotteet Puppy Booster ja Energia + nesteytys <a href=\"http:\/\/shodan.theblah.org\/~kati\/wordpress\/wp-content\/uploads\/2016\/03\/12432710_10153981644713114_801722440_o.jpg\" rel=\"attachment wp-att-399\"><img decoding=\"async\" loading=\"lazy\" class=\"alignnone size-medium wp-image-399\" src=\"http:\/\/shodan.theblah.org\/~kati\/wordpress\/wp-content\/uploads\/2016\/03\/12432710_10153981644713114_801722440_o-300x169.jpg\" alt=\"12432710_10153981644713114_801722440_o\" width=\"300\" height=\"169\" srcset=\"http:\/\/www.kaitlin.fi\/wp-content\/uploads\/2016\/03\/12432710_10153981644713114_801722440_o-300x169.jpg 300w, http:\/\/www.kaitlin.fi\/wp-content\/uploads\/2016\/03\/12432710_10153981644713114_801722440_o-768x432.jpg 768w, http:\/\/www.kaitlin.fi\/wp-content\/uploads\/2016\/03\/12432710_10153981644713114_801722440_o-1024x576.jpg 1024w, http:\/\/www.kaitlin.fi\/wp-content\/uploads\/2016\/03\/12432710_10153981644713114_801722440_o.jpg 2040w\" sizes=\"(max-width: 300px) 100vw, 300px\" \/><\/a><\/p>\n<p>Aluksi lis\u00e4sin Puppy Boosteria hieman ruoan joukkoon kotona, jotta maku tulee tutuksi. Ahneella koiralla ei tule ongelmaa ainakaan siin\u00e4, mutta toivon my\u00f6s ett\u00e4 veden mukana otettu jauhe maistuu sitten paremmin pennuilla varsinkin pitk\u00e4ll\u00e4 n\u00e4yttelyreissulla.<\/p>\n<p>-juttu viel\u00e4 kesken. P\u00e4ivityst\u00e4 tulee lis\u00e4\u00e4-<\/p>\n<p>&nbsp;<\/p>\n<p><a href=\"http:\/\/shodan.theblah.org\/~kati\/wordpress\/wp-content\/uploads\/2016\/03\/12801616_10153981672973114_7412859844197127499_n.jpg\" rel=\"attachment wp-att-400\"><img decoding=\"async\" loading=\"lazy\" class=\"alignnone size-medium wp-image-400\" src=\"http:\/\/shodan.theblah.org\/~kati\/wordpress\/wp-content\/uploads\/2016\/03\/12801616_10153981672973114_7412859844197127499_n-300x262.jpg\" alt=\"12801616_10153981672973114_7412859844197127499_n\" width=\"300\" height=\"262\" srcset=\"http:\/\/www.kaitlin.fi\/wp-content\/uploads\/2016\/03\/12801616_10153981672973114_7412859844197127499_n-300x262.jpg 300w, http:\/\/www.kaitlin.fi\/wp-content\/uploads\/2016\/03\/12801616_10153981672973114_7412859844197127499_n.jpg 430w\" sizes=\"(max-width: 300px) 100vw, 300px\" \/><\/a> <a href=\"http:\/\/shodan.theblah.org\/~kati\/wordpress\/wp-content\/uploads\/2016\/03\/12832552_10153981591468114_5276234866250822635_n.jpg\" rel=\"attachment wp-att-401\"><img decoding=\"async\" loading=\"lazy\" class=\"alignnone size-medium wp-image-401\" src=\"http:\/\/shodan.theblah.org\/~kati\/wordpress\/wp-content\/uploads\/2016\/03\/12832552_10153981591468114_5276234866250822635_n-165x300.jpg\" alt=\"12832552_10153981591468114_5276234866250822635_n\" width=\"165\" height=\"300\" srcset=\"http:\/\/www.kaitlin.fi\/wp-content\/uploads\/2016\/03\/12832552_10153981591468114_5276234866250822635_n-165x300.jpg 165w, http:\/\/www.kaitlin.fi\/wp-content\/uploads\/2016\/03\/12832552_10153981591468114_5276234866250822635_n.jpg 528w\" sizes=\"(max-width: 165px) 100vw, 165px\" \/><\/a><\/p>\n<p>tuotteeet <a href=\"http:\/\/www.fitdog.fi\">Fitdog<\/a><\/p>\n<p>&nbsp;<\/p>\n<p><span class=\"_5yl5\" data-reactid=\".mz.1:$mid=11438203555214=2f1f46e1c16e77db20.2:0.0.0.0.0\"><span data-reactid=\".mz.1:$mid=11438203555214=2f1f46e1c16e77db20.2:0.0.0.0.0.0\">Not allowed to use pics or text<\/span><\/span> without permission \u00a9Kaitlin<\/p>\n<p>Kuvien ja tekstin lainaaminen ilman lupaa on kielletty\u00e4 \u00a9Kaitlin<\/p>\n","protected":false},"excerpt":{"rendered":"<p>Testiss\u00e4 energia- ja palautusjuomat pennuille ja kantaville koirille Fitdogilta tuotteet Puppy Booster ja Energia + nesteytys Aluksi lis\u00e4sin Puppy Boosteria hieman ruoan joukkoon kotona, jotta maku tulee tutuksi. Ahneella koiralla ei tule ongelmaa ainakaan siin\u00e4, mutta toivon my\u00f6s ett\u00e4 veden mukana otettu jauhe maistuu sitten paremmin pennuilla varsinkin pitk\u00e4ll\u00e4 n\u00e4yttelyreissulla. -juttu viel\u00e4 kesken. P\u00e4ivityst\u00e4 tulee &hellip; <a href=\"http:\/\/www.kaitlin.fi\/index.php\/koiramaisia-artikkeleita\/testissa-energia-ja-palautusjuomat-pennuille-ja-kantaville-koirille-fitdog\/\" class=\"more-link\">Jatka lukemista <span class=\"screen-reader-text\">Testiss\u00e4 energia- ja palautusjuomat pennuille ja kantaville koirille Fitdog<\/span> <span class=\"meta-nav\">&rarr;<\/span><\/a><\/p>\n","protected":false},"author":1,"featured_media":0,"parent":222,"menu_order":1,"comment_status":"closed","ping_status":"closed","template":"","meta":[],"_links":{"self":[{"href":"http:\/\/www.kaitlin.fi\/index.php\/wp-json\/wp\/v2\/pages\/397"}],"collection":[{"href":"http:\/\/www.kaitlin.fi\/index.php\/wp-json\/wp\/v2\/pages"}],"about":[{"href":"http:\/\/www.kaitlin.fi\/index.php\/wp-json\/wp\/v2\/types\/page"}],"author":[{"embeddable":true,"href":"http:\/\/www.kaitlin.fi\/index.php\/wp-json\/wp\/v2\/users\/1"}],"replies":[{"embeddable":true,"href":"http:\/\/www.kaitlin.fi\/index.php\/wp-json\/wp\/v2\/comments?post=397"}],"version-history":[{"count":4,"href":"http:\/\/www.kaitlin.fi\/index.php\/wp-json\/wp\/v2\/pages\/397\/revisions"}],"predecessor-version":[{"id":405,"href":"http:\/\/www.kaitlin.fi\/index.php\/wp-json\/wp\/v2\/pages\/397\/revisions\/405"}],"up":[{"embeddable":true,"href":"http:\/\/www.kaitlin.fi\/index.php\/wp-json\/wp\/v2\/pages\/222"}],"wp:attachment":[{"href":"http:\/\/www.kaitlin.fi\/index.php\/wp-json\/wp\/v2\/media?parent=397"}],"curies":[{"name":"wp","href":"https:\/\/api.w.org\/{rel}","templated":true}]}}