{"id":348,"date":"2015-12-08T22:17:19","date_gmt":"2015-12-08T20:17:19","guid":{"rendered":"http:\/\/www.kaitlin.fi\/?page_id=348"},"modified":"2016-07-07T12:39:40","modified_gmt":"2016-07-07T09:39:40","slug":"nayttelyt-dogshows-2016-uutiset-news","status":"publish","type":"page","link":"http:\/\/www.kaitlin.fi\/index.php\/news-uutiset\/nayttelyt-dogshows-2016-uutiset-news\/","title":{"rendered":"N\u00e4yttelyt Dogshows 2016 Uutiset News"},"content":{"rendered":"<p>Vuoden 2016 n\u00e4yttelytulokset\/ show results of year 2016<\/p>\n<p><a href=\"http:\/\/www.kaivari.info\/\">Ilmottautumiset Kaivariin erikoisn\u00e4yttelyyn!! Kiinnostuneet kasvatinomistajat ottakaa yhteytt\u00e4 niin ilmoitetaan yhdess\u00e4!!<\/a><\/p>\n<p>&nbsp;<\/p>\n<p>1.5.2016 Tampere IDS under judge Juha Putkonen &#8221;Max&#8221; very good &#8221;Triny&#8221; exc &#8221;Susu&#8221; good\u00a0 &#8221;Meimei&#8221; exc &#8221;Moona&#8221; very good &#8221;Seppo&#8221; exc &#8221;Keiju&#8221; Exc\u00a0 Kaitlin breeder 2.<\/p>\n<p>23.4.2016 Ruovesi group &#8221;Triny&#8221; Divine Favor Heybett very good<\/p>\n<p>23.04.2016 H\u00e4meenlinna p\u00a0 &#8221;H\u00e5kan&#8221; BM2 with hp &#8221;Prinssi&#8221; BOS puppy wiht hp\u00a0 &#8221;Mike&#8221; 2. puppy with hp &#8221;Gimi&#8221; 3. puppy &#8221;Myy&#8221; 4. puppy\u00a0 Kaitlin breeder BOB breeder with hp<\/p>\n<p>16.4.2016 Vaasa IDS Inese Pablaka &#8221;Moona&#8221; BOB puppy with hp &#8221;Seppo&#8221; 1. puppy &#8221;Jerry&#8221; very good\u00a0 &#8221;Triny&#8221; BOS with CAC &#8221;Max&#8221; very good &#8221;Fanni&#8221;\u00a0 &#8221;Siru&#8221;\u00a0 very good Kaitlin Breeder 2nd with hp<\/p>\n<p>10.4.2016 Kankaanp\u00e4\u00e4 group &#8221;Fanni&#8221; Kaitlin Freeing Vanilla open exc1<\/p>\n<p><a href=\"http:\/\/shodan.theblah.org\/~kati\/wordpress\/wp-content\/uploads\/2015\/12\/fakkj.jpg\" rel=\"attachment wp-att-425\"><img decoding=\"async\" loading=\"lazy\" class=\"alignnone wp-image-425\" src=\"http:\/\/shodan.theblah.org\/~kati\/wordpress\/wp-content\/uploads\/2015\/12\/fakkj-295x300.jpg\" alt=\"fakkj\" width=\"206\" height=\"209\" srcset=\"http:\/\/www.kaitlin.fi\/wp-content\/uploads\/2015\/12\/fakkj-295x300.jpg 295w, http:\/\/www.kaitlin.fi\/wp-content\/uploads\/2015\/12\/fakkj.jpg 632w\" sizes=\"(max-width: 206px) 100vw, 206px\" \/><\/a> <a href=\"http:\/\/shodan.theblah.org\/~kati\/wordpress\/wp-content\/uploads\/2015\/12\/fannikkjdlkj.jpg\" rel=\"attachment wp-att-426\"><img decoding=\"async\" loading=\"lazy\" class=\"alignnone wp-image-426\" src=\"http:\/\/shodan.theblah.org\/~kati\/wordpress\/wp-content\/uploads\/2015\/12\/fannikkjdlkj-300x260.jpg\" alt=\"fannikkjdlkj\" width=\"249\" height=\"216\" srcset=\"http:\/\/www.kaitlin.fi\/wp-content\/uploads\/2015\/12\/fannikkjdlkj-300x260.jpg 300w, http:\/\/www.kaitlin.fi\/wp-content\/uploads\/2015\/12\/fannikkjdlkj-768x666.jpg 768w, http:\/\/www.kaitlin.fi\/wp-content\/uploads\/2015\/12\/fannikkjdlkj.jpg 993w\" sizes=\"(max-width: 249px) 100vw, 249px\" \/><\/a><\/p>\n<p>3.4.2016 Lahti IDS judge <strong>Inger Ronander, NO &#8221; &#8221;Max&#8221; Kaitlin Hayabusa Intermedia exc 1<\/strong><\/p>\n<p><a href=\"http:\/\/shodan.theblah.org\/~kati\/wordpress\/wp-content\/uploads\/2015\/07\/944964_10153869450518114_6631113446125692449_n.jpg\" rel=\"attachment wp-att-370\"><img decoding=\"async\" loading=\"lazy\" class=\"alignnone size-medium wp-image-370\" src=\"http:\/\/shodan.theblah.org\/~kati\/wordpress\/wp-content\/uploads\/2015\/07\/944964_10153869450518114_6631113446125692449_n-300x273.jpg\" alt=\"944964_10153869450518114_6631113446125692449_n\" width=\"300\" height=\"273\" srcset=\"http:\/\/www.kaitlin.fi\/wp-content\/uploads\/2015\/07\/944964_10153869450518114_6631113446125692449_n-300x273.jpg 300w, http:\/\/www.kaitlin.fi\/wp-content\/uploads\/2015\/07\/944964_10153869450518114_6631113446125692449_n.jpg 960w\" sizes=\"(max-width: 300px) 100vw, 300px\" \/><\/a><\/p>\n<p>13.2.2016 Lahti Paavo Mattila p Kaitlin BOB breeder<\/p>\n<p><a href=\"http:\/\/shodan.theblah.org\/~kati\/wordpress\/wp-content\/uploads\/2015\/12\/12705270_10208274796529221_881822231868579612_n.jpg\" rel=\"attachment wp-att-433\"><img decoding=\"async\" loading=\"lazy\" class=\"alignnone size-medium wp-image-433\" src=\"http:\/\/shodan.theblah.org\/~kati\/wordpress\/wp-content\/uploads\/2015\/12\/12705270_10208274796529221_881822231868579612_n-300x196.jpg\" alt=\"12705270_10208274796529221_881822231868579612_n\" width=\"300\" height=\"196\" srcset=\"http:\/\/www.kaitlin.fi\/wp-content\/uploads\/2015\/12\/12705270_10208274796529221_881822231868579612_n-300x196.jpg 300w, http:\/\/www.kaitlin.fi\/wp-content\/uploads\/2015\/12\/12705270_10208274796529221_881822231868579612_n-768x502.jpg 768w, http:\/\/www.kaitlin.fi\/wp-content\/uploads\/2015\/12\/12705270_10208274796529221_881822231868579612_n.jpg 960w\" sizes=\"(max-width: 300px) 100vw, 300px\" \/><\/a><\/p>\n<p>&nbsp;<\/p>\n<p>Parkano 31.1.2016 Marjatta Pylv\u00e4n\u00e4inen Suorsa<\/p>\n<p><a href=\"http:\/\/shodan.theblah.org\/~kati\/wordpress\/wp-content\/uploads\/2015\/12\/12670076_10153902187068114_2771990431678924545_n.jpg\" rel=\"attachment wp-att-442\"><img decoding=\"async\" loading=\"lazy\" class=\"alignnone size-medium wp-image-442\" src=\"http:\/\/shodan.theblah.org\/~kati\/wordpress\/wp-content\/uploads\/2015\/12\/12670076_10153902187068114_2771990431678924545_n-210x300.jpg\" alt=\"12670076_10153902187068114_2771990431678924545_n\" width=\"210\" height=\"300\" srcset=\"http:\/\/www.kaitlin.fi\/wp-content\/uploads\/2015\/12\/12670076_10153902187068114_2771990431678924545_n-210x300.jpg 210w, http:\/\/www.kaitlin.fi\/wp-content\/uploads\/2015\/12\/12670076_10153902187068114_2771990431678924545_n.jpg 650w\" sizes=\"(max-width: 210px) 100vw, 210px\" \/><\/a><\/p>\n<p>Kaitlin Hayabusa H<\/p>\n<p>Kaitlin Hakuna Matata EH<\/p>\n<p>Kaitlin Freezing Vanilla EH<\/p>\n<p>KaitlinGaya Kya Mil Gaya EH<\/p>\n<p><strong>Turku IDS 17.1.2016<\/strong><\/p>\n<p>&#8221;MeiMei&#8221; Kaitlin Hei Se Hui Mei Mei Exc 2 CQ under judge\u00a0Kazmierski Andrzej with Handler\/groomer and co owner Birita Pohjonen<\/p>\n<p><a href=\"http:\/\/shodan.theblah.org\/~kati\/wordpress\/wp-content\/uploads\/2015\/12\/meimeijjkk.jpg\"><img decoding=\"async\" loading=\"lazy\" class=\"alignnone size-medium wp-image-376\" src=\"http:\/\/shodan.theblah.org\/~kati\/wordpress\/wp-content\/uploads\/2015\/12\/meimeijjkk-236x300.jpg\" alt=\"meimeijjkk\" width=\"236\" height=\"300\" srcset=\"http:\/\/www.kaitlin.fi\/wp-content\/uploads\/2015\/12\/meimeijjkk-236x300.jpg 236w, http:\/\/www.kaitlin.fi\/wp-content\/uploads\/2015\/12\/meimeijjkk.jpg 805w\" sizes=\"(max-width: 236px) 100vw, 236px\" \/><\/a> <a href=\"http:\/\/shodan.theblah.org\/~kati\/wordpress\/wp-content\/uploads\/2015\/12\/meimeitru.jpg\"><img decoding=\"async\" loading=\"lazy\" class=\"alignnone size-medium wp-image-377\" src=\"http:\/\/shodan.theblah.org\/~kati\/wordpress\/wp-content\/uploads\/2015\/12\/meimeitru-300x211.jpg\" alt=\"meimeitru\" width=\"300\" height=\"211\" srcset=\"http:\/\/www.kaitlin.fi\/wp-content\/uploads\/2015\/12\/meimeitru-300x211.jpg 300w, http:\/\/www.kaitlin.fi\/wp-content\/uploads\/2015\/12\/meimeitru.jpg 1024w\" sizes=\"(max-width: 300px) 100vw, 300px\" \/><\/a><\/p>\n<p>&nbsp;<\/p>\n<p><strong>Helsinki p 10.1.2016 Judge Kimmo Mustonen<br \/>\n<\/strong><\/p>\n<p><a href=\"http:\/\/shodan.theblah.org\/~kati\/wordpress\/wp-content\/uploads\/2015\/12\/12510629_911542718900331_715554091_o.jpg\"><img decoding=\"async\" loading=\"lazy\" class=\"alignnone size-medium wp-image-373\" src=\"http:\/\/shodan.theblah.org\/~kati\/wordpress\/wp-content\/uploads\/2015\/12\/12510629_911542718900331_715554091_o-300x200.jpg\" alt=\"12510629_911542718900331_715554091_o\" width=\"300\" height=\"200\" srcset=\"http:\/\/www.kaitlin.fi\/wp-content\/uploads\/2015\/12\/12510629_911542718900331_715554091_o-300x200.jpg 300w, http:\/\/www.kaitlin.fi\/wp-content\/uploads\/2015\/12\/12510629_911542718900331_715554091_o-1024x683.jpg 1024w, http:\/\/www.kaitlin.fi\/wp-content\/uploads\/2015\/12\/12510629_911542718900331_715554091_o.jpg 2048w\" sizes=\"(max-width: 300px) 100vw, 300px\" \/><\/a> <a href=\"http:\/\/shodan.theblah.org\/~kati\/wordpress\/wp-content\/uploads\/2015\/12\/12511211_911545935566676_1709519043_o.jpg\"><img decoding=\"async\" loading=\"lazy\" class=\"alignnone size-medium wp-image-374\" src=\"http:\/\/shodan.theblah.org\/~kati\/wordpress\/wp-content\/uploads\/2015\/12\/12511211_911545935566676_1709519043_o-300x209.jpg\" alt=\"12511211_911545935566676_1709519043_o\" width=\"300\" height=\"209\" srcset=\"http:\/\/www.kaitlin.fi\/wp-content\/uploads\/2015\/12\/12511211_911545935566676_1709519043_o-300x209.jpg 300w, http:\/\/www.kaitlin.fi\/wp-content\/uploads\/2015\/12\/12511211_911545935566676_1709519043_o-1024x714.jpg 1024w, http:\/\/www.kaitlin.fi\/wp-content\/uploads\/2015\/12\/12511211_911545935566676_1709519043_o.jpg 2048w\" sizes=\"(max-width: 300px) 100vw, 300px\" \/><\/a><\/p>\n<p>Kaitlin Je Te Veux pek4 kp<\/p>\n<p>Kaitlin Jadore<\/p>\n<p>Kaitlin Jouissance<\/p>\n<p>Kaitlin Jolie Fleur<\/p>\n<p>Kaitlin Joueur<\/p>\n<p>Kennel Kaitlin 2 KP<\/p>\n<p>&nbsp;<\/p>\n<p>&nbsp;<\/p>\n","protected":false},"excerpt":{"rendered":"<p>Vuoden 2016 n\u00e4yttelytulokset\/ show results of year 2016 Ilmottautumiset Kaivariin erikoisn\u00e4yttelyyn!! Kiinnostuneet kasvatinomistajat ottakaa yhteytt\u00e4 niin ilmoitetaan yhdess\u00e4!! &nbsp; 1.5.2016 Tampere IDS under judge Juha Putkonen &#8221;Max&#8221; very good &#8221;Triny&#8221; exc &#8221;Susu&#8221; good\u00a0 &#8221;Meimei&#8221; exc &#8221;Moona&#8221; very good &#8221;Seppo&#8221; exc &#8221;Keiju&#8221; Exc\u00a0 Kaitlin breeder 2. 23.4.2016 Ruovesi group &#8221;Triny&#8221; Divine Favor Heybett very good 23.04.2016 &hellip; <a href=\"http:\/\/www.kaitlin.fi\/index.php\/news-uutiset\/nayttelyt-dogshows-2016-uutiset-news\/\" class=\"more-link\">Jatka lukemista <span class=\"screen-reader-text\">N\u00e4yttelyt Dogshows 2016 Uutiset News<\/span> <span class=\"meta-nav\">&rarr;<\/span><\/a><\/p>\n","protected":false},"author":1,"featured_media":0,"parent":120,"menu_order":3,"comment_status":"closed","ping_status":"open","template":"","meta":[],"_links":{"self":[{"href":"http:\/\/www.kaitlin.fi\/index.php\/wp-json\/wp\/v2\/pages\/348"}],"collection":[{"href":"http:\/\/www.kaitlin.fi\/index.php\/wp-json\/wp\/v2\/pages"}],"about":[{"href":"http:\/\/www.kaitlin.fi\/index.php\/wp-json\/wp\/v2\/types\/page"}],"author":[{"embeddable":true,"href":"http:\/\/www.kaitlin.fi\/index.php\/wp-json\/wp\/v2\/users\/1"}],"replies":[{"embeddable":true,"href":"http:\/\/www.kaitlin.fi\/index.php\/wp-json\/wp\/v2\/comments?post=348"}],"version-history":[{"count":18,"href":"http:\/\/www.kaitlin.fi\/index.php\/wp-json\/wp\/v2\/pages\/348\/revisions"}],"predecessor-version":[{"id":499,"href":"http:\/\/www.kaitlin.fi\/index.php\/wp-json\/wp\/v2\/pages\/348\/revisions\/499"}],"up":[{"embeddable":true,"href":"http:\/\/www.kaitlin.fi\/index.php\/wp-json\/wp\/v2\/pages\/120"}],"wp:attachment":[{"href":"http:\/\/www.kaitlin.fi\/index.php\/wp-json\/wp\/v2\/media?parent=348"}],"curies":[{"name":"wp","href":"https:\/\/api.w.org\/{rel}","templated":true}]}}