{"id":220,"date":"2015-08-15T22:26:26","date_gmt":"2015-08-15T19:26:26","guid":{"rendered":"http:\/\/www.kaitlin.fi\/?page_id=220"},"modified":"2015-08-16T18:37:41","modified_gmt":"2015-08-16T15:37:41","slug":"testissa-palautumisjuomat-koirille-fitdog","status":"publish","type":"page","link":"http:\/\/www.kaitlin.fi\/index.php\/koiramaisia-artikkeleita\/testissa-palautumisjuomat-koirille-fitdog\/","title":{"rendered":"Testiss\u00e4 energia- ja palautusjuomat"},"content":{"rendered":"<p>Testasimme Fitdogin energia ja palautusjuomia rasituksen aikana ja j\u00e4lkeen<\/p>\n<p class=\"wp-image-217 \">Testiss\u00e4 molemmat tuotteet (tuotteiden kuvat lainattu Fitdogin sivuilta)<\/p>\n<p class=\"wp-image-217 \"><a href=\"http:\/\/shodan.theblah.org\/~kati\/wordpress\/wp-content\/uploads\/2015\/08\/FitDog-Recovery.png\"><img decoding=\"async\" loading=\"lazy\" class=\"alignnone size-medium wp-image-216\" src=\"http:\/\/shodan.theblah.org\/~kati\/wordpress\/wp-content\/uploads\/2015\/08\/FitDog-Recovery-209x300.png\" alt=\"FitDog-Recovery\" width=\"209\" height=\"300\" srcset=\"http:\/\/www.kaitlin.fi\/wp-content\/uploads\/2015\/08\/FitDog-Recovery-209x300.png 209w, http:\/\/www.kaitlin.fi\/wp-content\/uploads\/2015\/08\/FitDog-Recovery.png 534w\" sizes=\"(max-width: 209px) 100vw, 209px\" \/><\/a> <a href=\"http:\/\/shodan.theblah.org\/~kati\/wordpress\/wp-content\/uploads\/2015\/08\/punainen.jpg\"><img decoding=\"async\" loading=\"lazy\" class=\"alignnone size-full wp-image-217\" src=\"http:\/\/shodan.theblah.org\/~kati\/wordpress\/wp-content\/uploads\/2015\/08\/punainen.jpg\" alt=\"punainen\" width=\"187\" height=\"269\" \/><\/a><\/p>\n<p>Tuotteet toimivat hyvin hirvimets\u00e4ll\u00e4 kun kes\u00e4tauon j\u00e4lkeen alettiin ennen juoksutusta antaa energiaa ja rehydratea ja sitten juoksuttamisen j\u00e4lkeen annettiin lis\u00e4ksi recoverya painon mukaan. Karhukoiralla tuotteet toimivat selv\u00e4sti ja jaksoi koko viikonlopun olla useita tunteja hirven per\u00e4ss\u00e4 haukkumassa. Oppi haukkumaankin hirve\u00e4 testin aikana. Positiivinen vaikutus selke\u00e4sti k\u00e4yt\u00f6ss\u00e4.<\/p>\n<p><a href=\"http:\/\/shodan.theblah.org\/~kati\/wordpress\/wp-content\/uploads\/2015\/07\/taisk1sas.png\"><img decoding=\"async\" loading=\"lazy\" class=\"size-medium wp-image-108\" src=\"http:\/\/shodan.theblah.org\/~kati\/wordpress\/wp-content\/uploads\/2015\/07\/taisk1sas-300x261.png\" alt=\"Lives outdoor\" width=\"300\" height=\"261\" srcset=\"http:\/\/www.kaitlin.fi\/wp-content\/uploads\/2015\/07\/taisk1sas-300x261.png 300w, http:\/\/www.kaitlin.fi\/wp-content\/uploads\/2015\/07\/taisk1sas.png 1003w\" sizes=\"(max-width: 300px) 100vw, 300px\" \/><\/a><\/p>\n<p>My\u00f6s rankan n\u00e4yttelyviikonlopun j\u00e4lkeen huomasin ett\u00e4 kun antoi palautumisjuomaa.\u00a0 Nesteytt\u00e4v\u00e4\u00e4 ja energiaa niin viikonloppu sujui paljon paremmin ja koirat eiv\u00e4t olleet niin v\u00e4syneit\u00e4 suorituksen j\u00e4lkeen. Ainut negatiivinen puoli ett\u00e4 tuotteet hieman pissattivat koiria enemm\u00e4n. Sis\u00e4n\u00e4yttelyiss\u00e4 se juoksutti ulkona helpommin.<\/p>\n<p>Testasimme tuotetta Energy ja Rehydrate my\u00f6s koiralla joka ei pystynyt sy\u00f6m\u00e4\u00e4n ja sai siit\u00e4 hieman enemm\u00e4n energiaa.<\/p>\n<p>Raskaana olevalle ja synnytt\u00e4neelle nartulle my\u00f6s k\u00e4ytimme tuotettaja mielest\u00e4ni my\u00f6s jaksoi hyvin kun sai energiaa enemm\u00e4n.<\/p>\n<p>uskon ett\u00e4 t\u00e4m\u00e4 on tie siihen ett\u00e4 jatkossakin tulemme k\u00e4ytt\u00e4m\u00e4\u00e4n koirillemme energiajuomia palautumiseen ja jaksamiseen rasituksen aikana ja sen j\u00e4lkeen.<\/p>\n<p>&nbsp;<\/p>\n<p>Tuotteet siis testiss\u00e4 Fitdogilta ja kiitokset sinnep\u00e4in! <a href=\"http:\/\/shodan.theblah.org\/~kati\/wordpress\/wp-content\/uploads\/2015\/07\/mummijhddjdcd.jpg\"><img decoding=\"async\" loading=\"lazy\" class=\"alignnone size-medium wp-image-82\" src=\"http:\/\/shodan.theblah.org\/~kati\/wordpress\/wp-content\/uploads\/2015\/07\/mummijhddjdcd-300x210.jpg\" alt=\"\" width=\"300\" height=\"210\" srcset=\"http:\/\/www.kaitlin.fi\/wp-content\/uploads\/2015\/07\/mummijhddjdcd-300x210.jpg 300w, http:\/\/www.kaitlin.fi\/wp-content\/uploads\/2015\/07\/mummijhddjdcd-1024x716.jpg 1024w, http:\/\/www.kaitlin.fi\/wp-content\/uploads\/2015\/07\/mummijhddjdcd.jpg 1114w\" sizes=\"(max-width: 300px) 100vw, 300px\" \/><\/a><\/p>\n<p>-Kati<\/p>\n","protected":false},"excerpt":{"rendered":"<p>Testasimme Fitdogin energia ja palautusjuomia rasituksen aikana ja j\u00e4lkeen Testiss\u00e4 molemmat tuotteet (tuotteiden kuvat lainattu Fitdogin sivuilta) Tuotteet toimivat hyvin hirvimets\u00e4ll\u00e4 kun kes\u00e4tauon j\u00e4lkeen alettiin ennen juoksutusta antaa energiaa ja rehydratea ja sitten juoksuttamisen j\u00e4lkeen annettiin lis\u00e4ksi recoverya painon mukaan. Karhukoiralla tuotteet toimivat selv\u00e4sti ja jaksoi koko viikonlopun olla useita tunteja hirven per\u00e4ss\u00e4 haukkumassa. Oppi &hellip; <a href=\"http:\/\/www.kaitlin.fi\/index.php\/koiramaisia-artikkeleita\/testissa-palautumisjuomat-koirille-fitdog\/\" class=\"more-link\">Jatka lukemista <span class=\"screen-reader-text\">Testiss\u00e4 energia- ja palautusjuomat<\/span> <span class=\"meta-nav\">&rarr;<\/span><\/a><\/p>\n","protected":false},"author":1,"featured_media":0,"parent":222,"menu_order":0,"comment_status":"closed","ping_status":"open","template":"","meta":[],"_links":{"self":[{"href":"http:\/\/www.kaitlin.fi\/index.php\/wp-json\/wp\/v2\/pages\/220"}],"collection":[{"href":"http:\/\/www.kaitlin.fi\/index.php\/wp-json\/wp\/v2\/pages"}],"about":[{"href":"http:\/\/www.kaitlin.fi\/index.php\/wp-json\/wp\/v2\/types\/page"}],"author":[{"embeddable":true,"href":"http:\/\/www.kaitlin.fi\/index.php\/wp-json\/wp\/v2\/users\/1"}],"replies":[{"embeddable":true,"href":"http:\/\/www.kaitlin.fi\/index.php\/wp-json\/wp\/v2\/comments?post=220"}],"version-history":[{"count":4,"href":"http:\/\/www.kaitlin.fi\/index.php\/wp-json\/wp\/v2\/pages\/220\/revisions"}],"predecessor-version":[{"id":230,"href":"http:\/\/www.kaitlin.fi\/index.php\/wp-json\/wp\/v2\/pages\/220\/revisions\/230"}],"up":[{"embeddable":true,"href":"http:\/\/www.kaitlin.fi\/index.php\/wp-json\/wp\/v2\/pages\/222"}],"wp:attachment":[{"href":"http:\/\/www.kaitlin.fi\/index.php\/wp-json\/wp\/v2\/media?parent=220"}],"curies":[{"name":"wp","href":"https:\/\/api.w.org\/{rel}","templated":true}]}}