{"id":138,"date":"2015-07-30T00:39:57","date_gmt":"2015-07-29T21:39:57","guid":{"rendered":"http:\/\/www.kaitlin.fi\/?page_id=138"},"modified":"2017-03-05T06:45:28","modified_gmt":"2017-03-05T04:45:28","slug":"hoitocare","status":"publish","type":"page","link":"http:\/\/www.kaitlin.fi\/index.php\/hoitocare\/","title":{"rendered":"Turkinhoito\/care"},"content":{"rendered":"<p>Kiinanharjakoiran hoidosta muutama sananen<\/p>\n<p>Ruokintatavastamme<\/p>\n<p>Turkinhoidosta\/tuotteista<\/p>\n<p>karvattoman kiinanharjakoiran trimmaus ja n\u00e4yttelykuntoon laittaminen<\/p>\n<p>pentujen korvien teippaus<\/p>\n<p>mielt\u00e4 askarrutavia kysymyksi\u00e4 voi laittaa s\u00e4hk\u00f6postiin info@kaitlin.fi<\/p>\n<p><a href=\"http:\/\/www.turkkitaika.fi\"><img decoding=\"async\" loading=\"lazy\" class=\"alignnone size-medium wp-image-680\" src=\"http:\/\/www.kaitlin.fi\/wp-content\/uploads\/2015\/07\/turkkitaikapistefi-300x114.jpg\" alt=\"\" width=\"300\" height=\"114\" srcset=\"http:\/\/www.kaitlin.fi\/wp-content\/uploads\/2015\/07\/turkkitaikapistefi-300x114.jpg 300w, http:\/\/www.kaitlin.fi\/wp-content\/uploads\/2015\/07\/turkkitaikapistefi.jpg 586w\" sizes=\"(max-width: 300px) 100vw, 300px\" \/><\/a><\/p>\n<p>&nbsp;<\/p>\n","protected":false},"excerpt":{"rendered":"<p>Kiinanharjakoiran hoidosta muutama sananen Ruokintatavastamme Turkinhoidosta\/tuotteista karvattoman kiinanharjakoiran trimmaus ja n\u00e4yttelykuntoon laittaminen pentujen korvien teippaus mielt\u00e4 askarrutavia kysymyksi\u00e4 voi laittaa s\u00e4hk\u00f6postiin info@kaitlin.fi &nbsp;<\/p>\n","protected":false},"author":1,"featured_media":0,"parent":0,"menu_order":0,"comment_status":"closed","ping_status":"open","template":"","meta":[],"_links":{"self":[{"href":"http:\/\/www.kaitlin.fi\/index.php\/wp-json\/wp\/v2\/pages\/138"}],"collection":[{"href":"http:\/\/www.kaitlin.fi\/index.php\/wp-json\/wp\/v2\/pages"}],"about":[{"href":"http:\/\/www.kaitlin.fi\/index.php\/wp-json\/wp\/v2\/types\/page"}],"author":[{"embeddable":true,"href":"http:\/\/www.kaitlin.fi\/index.php\/wp-json\/wp\/v2\/users\/1"}],"replies":[{"embeddable":true,"href":"http:\/\/www.kaitlin.fi\/index.php\/wp-json\/wp\/v2\/comments?post=138"}],"version-history":[{"count":4,"href":"http:\/\/www.kaitlin.fi\/index.php\/wp-json\/wp\/v2\/pages\/138\/revisions"}],"predecessor-version":[{"id":681,"href":"http:\/\/www.kaitlin.fi\/index.php\/wp-json\/wp\/v2\/pages\/138\/revisions\/681"}],"wp:attachment":[{"href":"http:\/\/www.kaitlin.fi\/index.php\/wp-json\/wp\/v2\/media?parent=138"}],"curies":[{"name":"wp","href":"https:\/\/api.w.org\/{rel}","templated":true}]}}