{"id":1044,"date":"2023-03-24T19:02:20","date_gmt":"2023-03-24T17:02:20","guid":{"rendered":"http:\/\/www.kaitlin.fi\/?page_id=1044"},"modified":"2023-03-28T18:35:23","modified_gmt":"2023-03-28T15:35:23","slug":"ruutanan-rkvy","status":"publish","type":"page","link":"http:\/\/www.kaitlin.fi\/index.php\/ruutanan-rkvy\/","title":{"rendered":"Ruutanan RKVY"},"content":{"rendered":"<p>Ruutanan koulun vanhempainyhdistyksen Huhtikuun Humaus myyntip\u00f6yti\u00e4\u00a0<span class=\"S1PPyQ\">RKVY.MYYJAISET@GMAIL.COM<\/span><\/p>\n<p>ja sen yhteydess\u00e4<\/p>\n<p>Match Show 23.4.2023 klo 10-<\/p>\n<p>Ilmoittautumisia otetaan vastaan klo 9.30 alkaen<\/p>\n<p><a href=\"https:\/\/forms.gle\/HsXs57TKfnPEocL17\">Ilmoittautuminen my\u00f6s ennakkoon<\/a>\u00a0https:\/\/forms.gle\/HsXs57TKfnPEocL17<\/p>\n<p>Ennakkoon ilmoittautuminen<\/p>\n<p>10.4.2023 menness\u00e4 7 e koirakko ja paikanp\u00e4\u00e4lt\u00e4 10e koirakko<\/p>\n<p>Tervetuloa Ruutanan koulun vanhempainyhdistyksen tukim\u00e4ts\u00e4riin 23.4.2022 klo 10. Ilmoittautuminen klo 9.30 alkaen.<\/p>\n<p>Ilmoittautumiset tilille FI53 3939 0038 9222 66 viesti m\u00e4ts\u00e4ri koiran nimi ja omistaja kuitti s\u00e4hk\u00f6postiin<\/p>\n<p><a href=\"mailto:ruutanankoirat@gmail.com\">ruutanankoirat@gmail.com<\/a>\u00a0liitteeksi joko s\u00e4hk\u00f6postiin tai lomakkeeseen . Lis\u00e4info Kati H\u00e4m\u00e4l\u00e4inen puh 0443402882<\/p>\n<p><a href=\"http:\/\/www.kaitlin.fi\/wp-content\/uploads\/2023\/03\/m\u00e4ts\u00e4ri-humaus.jpg\"><img decoding=\"async\" loading=\"lazy\" class=\"alignnone size-medium wp-image-1060\" src=\"http:\/\/www.kaitlin.fi\/wp-content\/uploads\/2023\/03\/m\u00e4ts\u00e4ri-humaus-212x300.jpg\" alt=\"\" width=\"212\" height=\"300\" srcset=\"http:\/\/www.kaitlin.fi\/wp-content\/uploads\/2023\/03\/m\u00e4ts\u00e4ri-humaus-212x300.jpg 212w, http:\/\/www.kaitlin.fi\/wp-content\/uploads\/2023\/03\/m\u00e4ts\u00e4ri-humaus-768x1086.jpg 768w, http:\/\/www.kaitlin.fi\/wp-content\/uploads\/2023\/03\/m\u00e4ts\u00e4ri-humaus-724x1024.jpg 724w\" sizes=\"(max-width: 212px) 100vw, 212px\" \/><\/a><a href=\"http:\/\/www.kaitlin.fi\/wp-content\/uploads\/2023\/03\/HUHTIKUUN-HUMAUS-Juliste-pystysuuntainen-A3-1.jpg\"><img decoding=\"async\" loading=\"lazy\" class=\"alignnone size-medium wp-image-1057\" src=\"http:\/\/www.kaitlin.fi\/wp-content\/uploads\/2023\/03\/HUHTIKUUN-HUMAUS-Juliste-pystysuuntainen-A3-1-212x300.jpg\" alt=\"\" width=\"212\" height=\"300\" srcset=\"http:\/\/www.kaitlin.fi\/wp-content\/uploads\/2023\/03\/HUHTIKUUN-HUMAUS-Juliste-pystysuuntainen-A3-1-212x300.jpg 212w, http:\/\/www.kaitlin.fi\/wp-content\/uploads\/2023\/03\/HUHTIKUUN-HUMAUS-Juliste-pystysuuntainen-A3-1-768x1086.jpg 768w, http:\/\/www.kaitlin.fi\/wp-content\/uploads\/2023\/03\/HUHTIKUUN-HUMAUS-Juliste-pystysuuntainen-A3-1-724x1024.jpg 724w\" sizes=\"(max-width: 212px) 100vw, 212px\" \/><\/a><\/p>\n<p>lapsi ja koira kilpailut 5e (alle 10v lapsi koiran tulee olla hallittavissa)<\/p>\n<p>lapsi ja lelukoira 5e ( alle 10v lapsi)<\/p>\n<p>juniorhandler 5e (yli 10v -17v )<\/p>\n<p>Tuomareina<\/p>\n<p>Isot pennut ja aikuiset\u00a0 (koirien ik\u00e4rajat alla vuosi ja yli vuosi) (Krista Kurppa )<\/p>\n<p>Pienet pennut ja aikuiset ( koirien ik\u00e4rajat alle vuosi ja yli vuosi) (Kati H\u00e4m\u00e4l\u00e4inen)<\/p>\n<p>&nbsp;<\/p>\n<p>Ennakkoilmoittautuminen ja maksut ja kuitit<\/p>\n<p>ruutanankoirat@gmail.com<\/p>\n<p>K\u00e4y t\u00e4ytt\u00e4m\u00e4ss\u00e4 arvontalomake lemmikkitarvikkeiden myyntipisteell\u00e4. Arvomme tuotepalkinnon n\u00e4yttelyn p\u00e4\u00e4tteeksi!<\/p>\n<p>TERVETULOA!<\/p>\n<p>&nbsp;<\/p>\n","protected":false},"excerpt":{"rendered":"<p>Ruutanan koulun vanhempainyhdistyksen Huhtikuun Humaus myyntip\u00f6yti\u00e4\u00a0RKVY.MYYJAISET@GMAIL.COM ja sen yhteydess\u00e4 Match Show 23.4.2023 klo 10- Ilmoittautumisia otetaan vastaan klo 9.30 alkaen Ilmoittautuminen my\u00f6s ennakkoon\u00a0https:\/\/forms.gle\/HsXs57TKfnPEocL17 Ennakkoon ilmoittautuminen 10.4.2023 menness\u00e4 7 e koirakko ja paikanp\u00e4\u00e4lt\u00e4 10e koirakko Tervetuloa Ruutanan koulun vanhempainyhdistyksen tukim\u00e4ts\u00e4riin 23.4.2022 klo 10. Ilmoittautuminen klo 9.30 alkaen. Ilmoittautumiset tilille FI53 3939 0038 9222 66 viesti m\u00e4ts\u00e4ri &hellip; <a href=\"http:\/\/www.kaitlin.fi\/index.php\/ruutanan-rkvy\/\" class=\"more-link\">Jatka lukemista <span class=\"screen-reader-text\">Ruutanan RKVY<\/span> <span class=\"meta-nav\">&rarr;<\/span><\/a><\/p>\n","protected":false},"author":1,"featured_media":0,"parent":0,"menu_order":0,"comment_status":"closed","ping_status":"closed","template":"","meta":[],"_links":{"self":[{"href":"http:\/\/www.kaitlin.fi\/index.php\/wp-json\/wp\/v2\/pages\/1044"}],"collection":[{"href":"http:\/\/www.kaitlin.fi\/index.php\/wp-json\/wp\/v2\/pages"}],"about":[{"href":"http:\/\/www.kaitlin.fi\/index.php\/wp-json\/wp\/v2\/types\/page"}],"author":[{"embeddable":true,"href":"http:\/\/www.kaitlin.fi\/index.php\/wp-json\/wp\/v2\/users\/1"}],"replies":[{"embeddable":true,"href":"http:\/\/www.kaitlin.fi\/index.php\/wp-json\/wp\/v2\/comments?post=1044"}],"version-history":[{"count":13,"href":"http:\/\/www.kaitlin.fi\/index.php\/wp-json\/wp\/v2\/pages\/1044\/revisions"}],"predecessor-version":[{"id":1061,"href":"http:\/\/www.kaitlin.fi\/index.php\/wp-json\/wp\/v2\/pages\/1044\/revisions\/1061"}],"wp:attachment":[{"href":"http:\/\/www.kaitlin.fi\/index.php\/wp-json\/wp\/v2\/media?parent=1044"}],"curies":[{"name":"wp","href":"https:\/\/api.w.org\/{rel}","templated":true}]}}